{"id":4936,"date":"2025-11-11T00:50:27","date_gmt":"2025-11-11T00:50:27","guid":{"rendered":"https:\/\/restivomartino-qocle.wpcomstaging.com\/?post_type=product&#038;p=4936"},"modified":"2026-05-12T07:59:25","modified_gmt":"2026-05-12T05:59:25","slug":"microsoft-office-2021-professional-plus","status":"publish","type":"product","link":"https:\/\/softwaresail.com\/pt\/product\/microsoft-office-2021-professional-plus\/","title":{"rendered":"Microsoft Office 2021 Professional Plus"},"content":{"rendered":"<p><strong>Microsoft Office 2021 Professional Plus<\/strong><\/p>\n<ul>\n<li><strong>VERS\u00c3O:<\/strong>\u00a02021<\/li>\n<li><strong>IDIOMA:\u00a0<\/strong>MULTI-IDIOMA<\/li>\n<li><strong>SISTEMA OPERATIVO:<\/strong>\u00a0WINDOWS<\/li>\n<li><strong>DISPOSITIVOS:<\/strong>\u00a01 \/ 3 \/ 5<\/li>\n<li><strong>DURA\u00c7\u00c3O:<\/strong>\u00a0LICEN\u00c7A PERP\u00c9TUA<\/li>\n<\/ul>\n<p><strong>Microsoft Office 2021 Professional Plus <\/strong><strong>licen\u00e7as completas digitais<\/strong><br \/>\n<em><br \/>\nA vers\u00e3o de 2021 est\u00e1 dispon\u00edvel para instala\u00e7\u00e3o<br \/>\n<\/em><\/p>\n<p><a href=\"https:\/\/support.microsoft.com\/en-us\/office\/office-2021-and-office-ltsc-for-windows-and-mac-faq-d574cf0b-3ebc-42cf-9035-a3b837e0463c#:~:text=What%20are%20the%20Windows%20operating,365%20and%20Office%20Resources%20page.\">Requisitos de sistema para o Microsoft Office Professional Plus<\/a><\/p>\n<p><!-- TrustBox widget - Mini --><\/p>\n<p><!-- End TrustBox widget --><\/p>","protected":false},"excerpt":{"rendered":"<p>Microsoft Office 2021 Professional Plus VERSION:\u00a02021 LANGUAGE:\u00a0MULTI LANGUAGE OPERATING SYSTEM:\u00a0WINDOWS DEVICES:\u00a01 \/ 3 \/ 5 DURATION:\u00a0LIFETIME LICENSE Microsoft Office 2021 Professional Plus digital complete licences The 2021 version is available for installation System requirements for MicroSoft Office Professional Plus<\/p>","protected":false},"featured_media":4942,"comment_status":"open","ping_status":"closed","template":"","meta":{"site-sidebar-layout":"default","site-content-layout":"","ast-site-content-layout":"default","site-content-style":"default","site-sidebar-style":"default","ast-global-header-display":"","ast-banner-title-visibility":"","ast-main-header-display":"","ast-hfb-above-header-display":"","ast-hfb-below-header-display":"","ast-hfb-mobile-header-display":"","site-post-title":"","ast-breadcrumbs-content":"","ast-featured-img":"","footer-sml-layout":"","ast-disable-related-posts":"","theme-transparent-header-meta":"default","adv-header-id-meta":"","stick-header-meta":"","header-above-stick-meta":"","header-main-stick-meta":"","header-below-stick-meta":"","astra-migrate-meta-layouts":"set","ast-page-background-enabled":"default","ast-page-background-meta":{"desktop":{"background-color":"","background-image":"","background-repeat":"repeat","background-position":"center center","background-size":"auto","background-attachment":"scroll","background-type":"","background-media":"","overlay-type":"","overlay-color":"","overlay-opacity":"","overlay-gradient":""},"tablet":{"background-color":"","background-image":"","background-repeat":"repeat","background-position":"center center","background-size":"auto","background-attachment":"scroll","background-type":"","background-media":"","overlay-type":"","overlay-color":"","overlay-opacity":"","overlay-gradient":""},"mobile":{"background-color":"","background-image":"","background-repeat":"repeat","background-position":"center center","background-size":"auto","background-attachment":"scroll","background-type":"","background-media":"","overlay-type":"","overlay-color":"","overlay-opacity":"","overlay-gradient":""}},"ast-content-background-meta":{"desktop":{"background-color":"var(--ast-global-color-5)","background-image":"","background-repeat":"repeat","background-position":"center center","background-size":"auto","background-attachment":"scroll","background-type":"","background-media":"","overlay-type":"","overlay-color":"","overlay-opacity":"","overlay-gradient":""},"tablet":{"background-color":"var(--ast-global-color-5)","background-image":"","background-repeat":"repeat","background-position":"center center","background-size":"auto","background-attachment":"scroll","background-type":"","background-media":"","overlay-type":"","overlay-color":"","overlay-opacity":"","overlay-gradient":""},"mobile":{"background-color":"var(--ast-global-color-5)","background-image":"","background-repeat":"repeat","background-position":"center center","background-size":"auto","background-attachment":"scroll","background-type":"","background-media":"","overlay-type":"","overlay-color":"","overlay-opacity":"","overlay-gradient":""}},"jetpack_publicize_message":"","jetpack_publicize_feature_enabled":true,"jetpack_social_post_already_shared":true,"jetpack_social_options":{"image_generator_settings":{"template":"highway","default_image_id":0,"font":"","enabled":false},"version":2},"_wpas_customize_per_network":false},"product_brand":[],"product_cat":[60,62],"product_tag":[94],"class_list":{"0":"post-4936","1":"product","2":"type-product","3":"status-publish","4":"has-post-thumbnail","6":"product_cat-all-products","7":"product_cat-microsoft","8":"product_tag-office-2021-professional","9":"desktop-align-left","10":"tablet-align-left","11":"mobile-align-left","13":"first","14":"instock","15":"sale","16":"shipping-taxable","17":"purchasable","18":"product-type-variable","19":"has-default-attributes"},"yoast_head":"<!-- This site is optimized with the Yoast SEO plugin v27.6 - https:\/\/yoast.com\/product\/yoast-seo-wordpress\/ -->\n<title>Microsoft Office 2021 Professional Plus - Complete Office Suite for Professionals | Software Sail<\/title>\n<meta name=\"description\" content=\"Get Microsoft Office 2021 Professional Plus at the best price at Software Sail. Ideal for businesses, includes Word, Excel, PowerPoint, OneNote and more.\" \/>\n<meta name=\"robots\" content=\"index, follow, max-snippet:-1, max-image-preview:large, max-video-preview:-1\" \/>\n<link rel=\"canonical\" href=\"https:\/\/softwaresail.com\/pt\/product\/microsoft-office-2021-professional-plus\/\" \/>\n<meta property=\"og:locale\" content=\"pt_PT\" \/>\n<meta property=\"og:type\" content=\"article\" \/>\n<meta property=\"og:title\" content=\"Microsoft Office 2021 Professional Plus - Complete Office Suite for Professionals | Software Sail\" \/>\n<meta property=\"og:description\" content=\"Get Microsoft Office 2021 Professional Plus at the best price at Software Sail. Ideal for businesses, includes Word, Excel, PowerPoint, OneNote and more.\" \/>\n<meta property=\"og:url\" content=\"https:\/\/softwaresail.com\/pt\/product\/microsoft-office-2021-professional-plus\/\" \/>\n<meta property=\"og:site_name\" content=\"Software Sail\" \/>\n<meta property=\"article:publisher\" content=\"https:\/\/www.facebook.com\/softwaresail\/\" \/>\n<meta property=\"article:modified_time\" content=\"2026-05-12T05:59:25+00:00\" \/>\n<meta property=\"og:image\" content=\"https:\/\/softwaresail.com\/wp-content\/uploads\/2025\/11\/microsoft-office-professional-plus-2021.png\" \/>\n\t<meta property=\"og:image:width\" content=\"1950\" \/>\n\t<meta property=\"og:image:height\" content=\"1300\" \/>\n\t<meta property=\"og:image:type\" content=\"image\/png\" \/>\n<meta name=\"twitter:card\" content=\"summary_large_image\" \/>\n<meta name=\"twitter:label1\" content=\"Tempo estimado de leitura\" \/>\n\t<meta name=\"twitter:data1\" content=\"1 minuto\" \/>\n<script type=\"application\/ld+json\" class=\"yoast-schema-graph\">{\"@context\":\"https:\\\/\\\/schema.org\",\"@graph\":[{\"@type\":\"WebPage\",\"@id\":\"https:\\\/\\\/softwaresail.com\\\/product\\\/microsoft-office-2021-professional-plus\\\/\",\"url\":\"https:\\\/\\\/softwaresail.com\\\/product\\\/microsoft-office-2021-professional-plus\\\/\",\"name\":\"Microsoft Office 2021 Professional Plus - Complete Office Suite for Professionals | Software Sail\",\"isPartOf\":{\"@id\":\"https:\\\/\\\/softwaresail.com\\\/#website\"},\"primaryImageOfPage\":{\"@id\":\"https:\\\/\\\/softwaresail.com\\\/product\\\/microsoft-office-2021-professional-plus\\\/#primaryimage\"},\"image\":{\"@id\":\"https:\\\/\\\/softwaresail.com\\\/product\\\/microsoft-office-2021-professional-plus\\\/#primaryimage\"},\"thumbnailUrl\":\"https:\\\/\\\/softwaresail.com\\\/wp-content\\\/uploads\\\/2025\\\/11\\\/microsoft-office-professional-plus-2021.png\",\"datePublished\":\"2025-11-11T00:50:27+00:00\",\"dateModified\":\"2026-05-12T05:59:25+00:00\",\"description\":\"Get Microsoft Office 2021 Professional Plus at the best price at Software Sail. Ideal for businesses, includes Word, Excel, PowerPoint, OneNote and more.\",\"breadcrumb\":{\"@id\":\"https:\\\/\\\/softwaresail.com\\\/product\\\/microsoft-office-2021-professional-plus\\\/#breadcrumb\"},\"inLanguage\":\"pt-PT\",\"potentialAction\":[{\"@type\":\"ReadAction\",\"target\":[\"https:\\\/\\\/softwaresail.com\\\/product\\\/microsoft-office-2021-professional-plus\\\/\"]}]},{\"@type\":\"ImageObject\",\"inLanguage\":\"pt-PT\",\"@id\":\"https:\\\/\\\/softwaresail.com\\\/product\\\/microsoft-office-2021-professional-plus\\\/#primaryimage\",\"url\":\"https:\\\/\\\/softwaresail.com\\\/wp-content\\\/uploads\\\/2025\\\/11\\\/microsoft-office-professional-plus-2021.png\",\"contentUrl\":\"https:\\\/\\\/softwaresail.com\\\/wp-content\\\/uploads\\\/2025\\\/11\\\/microsoft-office-professional-plus-2021.png\",\"width\":1950,\"height\":1300,\"caption\":\"Get Microsoft Office 2021 Professional Plus at the best price at Software Sail. Ideal for businesses and professionals, includes Word, Excel, PowerPoint, and more.\"},{\"@type\":\"BreadcrumbList\",\"@id\":\"https:\\\/\\\/softwaresail.com\\\/product\\\/microsoft-office-2021-professional-plus\\\/#breadcrumb\",\"itemListElement\":[{\"@type\":\"ListItem\",\"position\":1,\"name\":\"Home\",\"item\":\"https:\\\/\\\/softwaresail.com\\\/\"},{\"@type\":\"ListItem\",\"position\":2,\"name\":\"Store\",\"item\":\"https:\\\/\\\/softwaresail.com\\\/store\\\/\"},{\"@type\":\"ListItem\",\"position\":3,\"name\":\"Microsoft Office 2021 Professional Plus\"}]},{\"@type\":\"WebSite\",\"@id\":\"https:\\\/\\\/softwaresail.com\\\/#website\",\"url\":\"https:\\\/\\\/softwaresail.com\\\/\",\"name\":\"Software Sail\",\"description\":\"Specialized Software Reseller\",\"publisher\":{\"@id\":\"https:\\\/\\\/softwaresail.com\\\/#organization\"},\"potentialAction\":[{\"@type\":\"SearchAction\",\"target\":{\"@type\":\"EntryPoint\",\"urlTemplate\":\"https:\\\/\\\/softwaresail.com\\\/?s={search_term_string}\"},\"query-input\":{\"@type\":\"PropertyValueSpecification\",\"valueRequired\":true,\"valueName\":\"search_term_string\"}}],\"inLanguage\":\"pt-PT\"},{\"@type\":\"Organization\",\"@id\":\"https:\\\/\\\/softwaresail.com\\\/#organization\",\"name\":\"Software Sail | Specialized Software Reseller\",\"url\":\"https:\\\/\\\/softwaresail.com\\\/\",\"logo\":{\"@type\":\"ImageObject\",\"inLanguage\":\"pt-PT\",\"@id\":\"https:\\\/\\\/softwaresail.com\\\/#\\\/schema\\\/logo\\\/image\\\/\",\"url\":\"https:\\\/\\\/softwaresail.com\\\/wp-content\\\/uploads\\\/2025\\\/11\\\/cropped-software_sail_extended_logo.png\",\"contentUrl\":\"https:\\\/\\\/softwaresail.com\\\/wp-content\\\/uploads\\\/2025\\\/11\\\/cropped-software_sail_extended_logo.png\",\"width\":1200,\"height\":400,\"caption\":\"Software Sail | Specialized Software Reseller\"},\"image\":{\"@id\":\"https:\\\/\\\/softwaresail.com\\\/#\\\/schema\\\/logo\\\/image\\\/\"},\"sameAs\":[\"https:\\\/\\\/www.facebook.com\\\/softwaresail\\\/\",\"https:\\\/\\\/www.instagram.com\\\/software_sail\\\/\"]}]}<\/script>\n<!-- \/ Yoast SEO plugin. -->","yoast_head_json":{"title":"Microsoft Office 2021 Professional Plus - Suite de Escrit\u00f3rio Completa para Profissionais | Software Sail","description":"Obtenha o Microsoft Office 2021 Professional Plus ao melhor pre\u00e7o na Software Sail. Ideal para empresas, inclui Word, Excel, PowerPoint, OneNote e muito mais.","robots":{"index":"index","follow":"follow","max-snippet":"max-snippet:-1","max-image-preview":"max-image-preview:large","max-video-preview":"max-video-preview:-1"},"canonical":"https:\/\/softwaresail.com\/pt\/product\/microsoft-office-2021-professional-plus\/","og_locale":"pt_PT","og_type":"article","og_title":"Microsoft Office 2021 Professional Plus - Complete Office Suite for Professionals | Software Sail","og_description":"Get Microsoft Office 2021 Professional Plus at the best price at Software Sail. Ideal for businesses, includes Word, Excel, PowerPoint, OneNote and more.","og_url":"https:\/\/softwaresail.com\/pt\/product\/microsoft-office-2021-professional-plus\/","og_site_name":"Software Sail","article_publisher":"https:\/\/www.facebook.com\/softwaresail\/","article_modified_time":"2026-05-12T05:59:25+00:00","og_image":[{"width":1950,"height":1300,"url":"https:\/\/softwaresail.com\/wp-content\/uploads\/2025\/11\/microsoft-office-professional-plus-2021.png","type":"image\/png"}],"twitter_card":"summary_large_image","twitter_misc":{"Tempo estimado de leitura":"1 minuto"},"schema":{"@context":"https:\/\/schema.org","@graph":[{"@type":"WebPage","@id":"https:\/\/softwaresail.com\/product\/microsoft-office-2021-professional-plus\/","url":"https:\/\/softwaresail.com\/product\/microsoft-office-2021-professional-plus\/","name":"Microsoft Office 2021 Professional Plus - Suite de Escrit\u00f3rio Completa para Profissionais | Software Sail","isPartOf":{"@id":"https:\/\/softwaresail.com\/#website"},"primaryImageOfPage":{"@id":"https:\/\/softwaresail.com\/product\/microsoft-office-2021-professional-plus\/#primaryimage"},"image":{"@id":"https:\/\/softwaresail.com\/product\/microsoft-office-2021-professional-plus\/#primaryimage"},"thumbnailUrl":"https:\/\/softwaresail.com\/wp-content\/uploads\/2025\/11\/microsoft-office-professional-plus-2021.png","datePublished":"2025-11-11T00:50:27+00:00","dateModified":"2026-05-12T05:59:25+00:00","description":"Obtenha o Microsoft Office 2021 Professional Plus ao melhor pre\u00e7o na Software Sail. Ideal para empresas, inclui Word, Excel, PowerPoint, OneNote e muito mais.","breadcrumb":{"@id":"https:\/\/softwaresail.com\/product\/microsoft-office-2021-professional-plus\/#breadcrumb"},"inLanguage":"pt-PT","potentialAction":[{"@type":"ReadAction","target":["https:\/\/softwaresail.com\/product\/microsoft-office-2021-professional-plus\/"]}]},{"@type":"ImageObject","inLanguage":"pt-PT","@id":"https:\/\/softwaresail.com\/product\/microsoft-office-2021-professional-plus\/#primaryimage","url":"https:\/\/softwaresail.com\/wp-content\/uploads\/2025\/11\/microsoft-office-professional-plus-2021.png","contentUrl":"https:\/\/softwaresail.com\/wp-content\/uploads\/2025\/11\/microsoft-office-professional-plus-2021.png","width":1950,"height":1300,"caption":"Get Microsoft Office 2021 Professional Plus at the best price at Software Sail. Ideal for businesses and professionals, includes Word, Excel, PowerPoint, and more."},{"@type":"BreadcrumbList","@id":"https:\/\/softwaresail.com\/product\/microsoft-office-2021-professional-plus\/#breadcrumb","itemListElement":[{"@type":"ListItem","position":1,"name":"Home","item":"https:\/\/softwaresail.com\/"},{"@type":"ListItem","position":2,"name":"Store","item":"https:\/\/softwaresail.com\/store\/"},{"@type":"ListItem","position":3,"name":"Microsoft Office 2021 Professional Plus"}]},{"@type":"WebSite","@id":"https:\/\/softwaresail.com\/#website","url":"https:\/\/softwaresail.com\/","name":"Software Sail","description":"Revendedor de Software Especializado","publisher":{"@id":"https:\/\/softwaresail.com\/#organization"},"potentialAction":[{"@type":"SearchAction","target":{"@type":"EntryPoint","urlTemplate":"https:\/\/softwaresail.com\/?s={search_term_string}"},"query-input":{"@type":"PropertyValueSpecification","valueRequired":true,"valueName":"search_term_string"}}],"inLanguage":"pt-PT"},{"@type":"Organization","@id":"https:\/\/softwaresail.com\/#organization","name":"Software Sail | Revendedor de Software Especializado","url":"https:\/\/softwaresail.com\/","logo":{"@type":"ImageObject","inLanguage":"pt-PT","@id":"https:\/\/softwaresail.com\/#\/schema\/logo\/image\/","url":"https:\/\/softwaresail.com\/wp-content\/uploads\/2025\/11\/cropped-software_sail_extended_logo.png","contentUrl":"https:\/\/softwaresail.com\/wp-content\/uploads\/2025\/11\/cropped-software_sail_extended_logo.png","width":1200,"height":400,"caption":"Software Sail | Specialized Software Reseller"},"image":{"@id":"https:\/\/softwaresail.com\/#\/schema\/logo\/image\/"},"sameAs":["https:\/\/www.facebook.com\/softwaresail\/","https:\/\/www.instagram.com\/software_sail\/"]}]}},"jetpack_publicize_connections":[],"jetpack_sharing_enabled":true,"jetpack-related-posts":[{"id":4943,"url":"https:\/\/softwaresail.com\/pt\/product\/microsoft-office-home-business\/","url_meta":{"origin":4936,"position":0},"title":"Microsoft Office 2021 Home &amp; Business","author":"horizonsoftwareindustries","date":"11\/11\/2025","format":false,"excerpt":"Microsoft Office 2021 Home & Business VERSION: 2021 LANGUAGE: MULTI LANGUAGE OPERATING SYSTEM:\u00a0MAC OS DEVICES: 1 DURATION: LIFETIME LICENSE Microsoft Office 2021 Home & Business\u00a0digital complete licences The 2021 version is available for installation System requirements for MicroSoft Office Home & Business","rel":"","context":"Similar post","block_context":{"text":"Similar post","link":""},"img":{"alt_text":"microsoft office home & business","src":"https:\/\/i0.wp.com\/softwaresail.com\/wp-content\/uploads\/2025\/11\/microsoft-office-home-business-2021.png?resize=350%2C200&ssl=1","width":350,"height":200,"srcset":"https:\/\/i0.wp.com\/softwaresail.com\/wp-content\/uploads\/2025\/11\/microsoft-office-home-business-2021.png?resize=350%2C200&ssl=1 1x, https:\/\/i0.wp.com\/softwaresail.com\/wp-content\/uploads\/2025\/11\/microsoft-office-home-business-2021.png?resize=525%2C300&ssl=1 1.5x, https:\/\/i0.wp.com\/softwaresail.com\/wp-content\/uploads\/2025\/11\/microsoft-office-home-business-2021.png?resize=700%2C400&ssl=1 2x, https:\/\/i0.wp.com\/softwaresail.com\/wp-content\/uploads\/2025\/11\/microsoft-office-home-business-2021.png?resize=1050%2C600&ssl=1 3x, https:\/\/i0.wp.com\/softwaresail.com\/wp-content\/uploads\/2025\/11\/microsoft-office-home-business-2021.png?resize=1400%2C800&ssl=1 4x"},"classes":[]},{"id":30769,"url":"https:\/\/softwaresail.com\/pt\/product\/microsoft-office-2024-home-business\/","url_meta":{"origin":4936,"position":1},"title":"Microsoft Office 2024 Home &amp; Business","author":"horizonsoftwareindustries","date":"06\/05\/2026","format":false,"excerpt":"Microsoft Office 2024 Home & Business VERSION: 2024 LANGUAGE: MULTI LANGUAGE OPERATING SYSTEM:\u00a0MAC OS DEVICES: 1 DURATION: LIFETIME LICENSE Microsoft Office 2024 Home & Business\u00a0digital complete licences The 2021 version is available for installation","rel":"","context":"Similar post","block_context":{"text":"Similar post","link":""},"img":{"alt_text":"","src":"https:\/\/i0.wp.com\/softwaresail.com\/wp-content\/uploads\/2026\/05\/Microsoft-office-2024-home-e-business.png?resize=350%2C200&ssl=1","width":350,"height":200,"srcset":"https:\/\/i0.wp.com\/softwaresail.com\/wp-content\/uploads\/2026\/05\/Microsoft-office-2024-home-e-business.png?resize=350%2C200&ssl=1 1x, https:\/\/i0.wp.com\/softwaresail.com\/wp-content\/uploads\/2026\/05\/Microsoft-office-2024-home-e-business.png?resize=525%2C300&ssl=1 1.5x, https:\/\/i0.wp.com\/softwaresail.com\/wp-content\/uploads\/2026\/05\/Microsoft-office-2024-home-e-business.png?resize=700%2C400&ssl=1 2x, https:\/\/i0.wp.com\/softwaresail.com\/wp-content\/uploads\/2026\/05\/Microsoft-office-2024-home-e-business.png?resize=1050%2C600&ssl=1 3x, https:\/\/i0.wp.com\/softwaresail.com\/wp-content\/uploads\/2026\/05\/Microsoft-office-2024-home-e-business.png?resize=1400%2C800&ssl=1 4x"},"classes":[]},{"id":30761,"url":"https:\/\/softwaresail.com\/pt\/product\/microsoft-office-2024-professional-plus\/","url_meta":{"origin":4936,"position":2},"title":"Microsoft Office 2024 Professional Plus","author":"horizonsoftwareindustries","date":"06\/05\/2026","format":false,"excerpt":"Microsoft Office 2024 Professional Plus VERSION: 2024 LANGUAGE:\u00a0MULTI LANGUAGE OPERATING SYSTEM:\u00a0WINDOWS DEVICES: 1 \/ 3 DURATION:\u00a0LIFETIME LICENSE Microsoft Office 2024 Professional Plus LTSC (Lifetime) digital complete licences The 2024 version is available for installation","rel":"","context":"Similar post","block_context":{"text":"Similar post","link":""},"img":{"alt_text":"","src":"https:\/\/i0.wp.com\/softwaresail.com\/wp-content\/uploads\/2026\/05\/office2024professionalplus.png?resize=350%2C200&ssl=1","width":350,"height":200,"srcset":"https:\/\/i0.wp.com\/softwaresail.com\/wp-content\/uploads\/2026\/05\/office2024professionalplus.png?resize=350%2C200&ssl=1 1x, https:\/\/i0.wp.com\/softwaresail.com\/wp-content\/uploads\/2026\/05\/office2024professionalplus.png?resize=525%2C300&ssl=1 1.5x, https:\/\/i0.wp.com\/softwaresail.com\/wp-content\/uploads\/2026\/05\/office2024professionalplus.png?resize=700%2C400&ssl=1 2x, https:\/\/i0.wp.com\/softwaresail.com\/wp-content\/uploads\/2026\/05\/office2024professionalplus.png?resize=1050%2C600&ssl=1 3x, https:\/\/i0.wp.com\/softwaresail.com\/wp-content\/uploads\/2026\/05\/office2024professionalplus.png?resize=1400%2C800&ssl=1 4x"},"classes":[]},{"id":30753,"url":"https:\/\/softwaresail.com\/pt\/product\/windows-10-pro\/","url_meta":{"origin":4936,"position":3},"title":"Windows 10 Pro","author":"horizonsoftwareindustries","date":"06\/05\/2026","format":false,"excerpt":"Windows 10 Pro LANGUAGE:\u00a0 MULTI LANGUAGE DEVICE:\u00a01 DURATION:\u00a0 LIFETIME LICENSE Microsoft Windows 10 Pro\u00a0digital complete licences The ultimate version is available for installation","rel":"","context":"Similar post","block_context":{"text":"Similar post","link":""},"img":{"alt_text":"","src":"https:\/\/i0.wp.com\/softwaresail.com\/wp-content\/uploads\/2026\/05\/win-1o-pro-bona.png?resize=350%2C200&ssl=1","width":350,"height":200,"srcset":"https:\/\/i0.wp.com\/softwaresail.com\/wp-content\/uploads\/2026\/05\/win-1o-pro-bona.png?resize=350%2C200&ssl=1 1x, https:\/\/i0.wp.com\/softwaresail.com\/wp-content\/uploads\/2026\/05\/win-1o-pro-bona.png?resize=525%2C300&ssl=1 1.5x, https:\/\/i0.wp.com\/softwaresail.com\/wp-content\/uploads\/2026\/05\/win-1o-pro-bona.png?resize=700%2C400&ssl=1 2x, https:\/\/i0.wp.com\/softwaresail.com\/wp-content\/uploads\/2026\/05\/win-1o-pro-bona.png?resize=1050%2C600&ssl=1 3x, https:\/\/i0.wp.com\/softwaresail.com\/wp-content\/uploads\/2026\/05\/win-1o-pro-bona.png?resize=1400%2C800&ssl=1 4x"},"classes":[]},{"id":4950,"url":"https:\/\/softwaresail.com\/pt\/product\/windows-11-home\/","url_meta":{"origin":4936,"position":4},"title":"Windows 11 Home","author":"horizonsoftwareindustries","date":"11\/11\/2025","format":false,"excerpt":"Windows 11 Home LANGUAGE:\u00a0 MULTI LANGUAGE DEVICE:\u00a01 DURATION:\u00a0LIFETIME LICENSE Microsoft Windows 11 Home digital complete licences The ultimate version is available for installation","rel":"","context":"Similar post","block_context":{"text":"Similar post","link":""},"img":{"alt_text":"","src":"https:\/\/i0.wp.com\/softwaresail.com\/wp-content\/uploads\/2025\/11\/Windows-11-Home.png?resize=350%2C200&ssl=1","width":350,"height":200,"srcset":"https:\/\/i0.wp.com\/softwaresail.com\/wp-content\/uploads\/2025\/11\/Windows-11-Home.png?resize=350%2C200&ssl=1 1x, https:\/\/i0.wp.com\/softwaresail.com\/wp-content\/uploads\/2025\/11\/Windows-11-Home.png?resize=525%2C300&ssl=1 1.5x, https:\/\/i0.wp.com\/softwaresail.com\/wp-content\/uploads\/2025\/11\/Windows-11-Home.png?resize=700%2C400&ssl=1 2x, https:\/\/i0.wp.com\/softwaresail.com\/wp-content\/uploads\/2025\/11\/Windows-11-Home.png?resize=1050%2C600&ssl=1 3x, https:\/\/i0.wp.com\/softwaresail.com\/wp-content\/uploads\/2025\/11\/Windows-11-Home.png?resize=1400%2C800&ssl=1 4x"},"classes":[]},{"id":30751,"url":"https:\/\/softwaresail.com\/pt\/product\/windows-10-home\/","url_meta":{"origin":4936,"position":5},"title":"Windows 10 Home","author":"horizonsoftwareindustries","date":"06\/05\/2026","format":false,"excerpt":"Windows 10 Home LANGUAGE:\u00a0 MULTI LANGUAGE DEVICE:\u00a01 DURATION:\u00a0 LIFETIME LICENSE Microsoft Windows 10 Home\u00a0digital complete licences The ultimate version is available for installation","rel":"","context":"Similar post","block_context":{"text":"Similar post","link":""},"img":{"alt_text":"","src":"https:\/\/i0.wp.com\/softwaresail.com\/wp-content\/uploads\/2026\/05\/microsoft-windows-10-home.png?resize=350%2C200&ssl=1","width":350,"height":200,"srcset":"https:\/\/i0.wp.com\/softwaresail.com\/wp-content\/uploads\/2026\/05\/microsoft-windows-10-home.png?resize=350%2C200&ssl=1 1x, https:\/\/i0.wp.com\/softwaresail.com\/wp-content\/uploads\/2026\/05\/microsoft-windows-10-home.png?resize=525%2C300&ssl=1 1.5x, https:\/\/i0.wp.com\/softwaresail.com\/wp-content\/uploads\/2026\/05\/microsoft-windows-10-home.png?resize=700%2C400&ssl=1 2x, https:\/\/i0.wp.com\/softwaresail.com\/wp-content\/uploads\/2026\/05\/microsoft-windows-10-home.png?resize=1050%2C600&ssl=1 3x, https:\/\/i0.wp.com\/softwaresail.com\/wp-content\/uploads\/2026\/05\/microsoft-windows-10-home.png?resize=1400%2C800&ssl=1 4x"},"classes":[]}],"_links":{"self":[{"href":"https:\/\/softwaresail.com\/pt\/wp-json\/wp\/v2\/product\/4936","targetHints":{"allow":["GET"]}}],"collection":[{"href":"https:\/\/softwaresail.com\/pt\/wp-json\/wp\/v2\/product"}],"about":[{"href":"https:\/\/softwaresail.com\/pt\/wp-json\/wp\/v2\/types\/product"}],"replies":[{"embeddable":true,"href":"https:\/\/softwaresail.com\/pt\/wp-json\/wp\/v2\/comments?post=4936"}],"version-history":[{"count":2,"href":"https:\/\/softwaresail.com\/pt\/wp-json\/wp\/v2\/product\/4936\/revisions"}],"predecessor-version":[{"id":4938,"href":"https:\/\/softwaresail.com\/pt\/wp-json\/wp\/v2\/product\/4936\/revisions\/4938"}],"wp:featuredmedia":[{"embeddable":true,"href":"https:\/\/softwaresail.com\/pt\/wp-json\/wp\/v2\/media\/4942"}],"wp:attachment":[{"href":"https:\/\/softwaresail.com\/pt\/wp-json\/wp\/v2\/media?parent=4936"}],"wp:term":[{"taxonomy":"product_brand","embeddable":true,"href":"https:\/\/softwaresail.com\/pt\/wp-json\/wp\/v2\/product_brand?post=4936"},{"taxonomy":"product_cat","embeddable":true,"href":"https:\/\/softwaresail.com\/pt\/wp-json\/wp\/v2\/product_cat?post=4936"},{"taxonomy":"product_tag","embeddable":true,"href":"https:\/\/softwaresail.com\/pt\/wp-json\/wp\/v2\/product_tag?post=4936"}],"curies":[{"name":"wp","href":"https:\/\/api.w.org\/{rel}","templated":true}]}}