{"id":4954,"date":"2025-11-11T01:20:39","date_gmt":"2025-11-11T01:20:39","guid":{"rendered":"https:\/\/restivomartino-qocle.wpcomstaging.com\/?post_type=product&#038;p=4954"},"modified":"2026-05-12T07:56:19","modified_gmt":"2026-05-12T05:56:19","slug":"windows-11-pro","status":"publish","type":"product","link":"https:\/\/softwaresail.com\/fr\/product\/windows-11-pro\/","title":{"rendered":"Windows 11 Pro"},"content":{"rendered":"<p><strong>Windows 11 Pro<\/strong><\/p>\n<ul>\n<li><strong>LANGUE:\u00a0<\/strong> MULTILINGUE<\/li>\n<li><strong>APPAREIL :<\/strong>\u00a01<\/li>\n<li><strong>DUR\u00c9E:\u00a0<\/strong> LICENCE PERP\u00c9TUELLE<\/li>\n<\/ul>\n<p><strong>Microsoft Windows 11 Pro<\/strong>\u00a0<strong>licences num\u00e9riques compl\u00e8tes<\/strong><br \/>\n<em><br \/>\nLa version ultime est disponible \u00e0 l'installation<\/em><\/p>","protected":false},"excerpt":{"rendered":"<p>Windows 11 Pro LANGUAGE:\u00a0 MULTI LANGUAGE DEVICE:\u00a01 DURATION:\u00a0 LIFETIME LICENSE Microsoft Windows 11 Pro\u00a0digital complete licences The ultimate version is available for installation<\/p>","protected":false},"featured_media":5258,"comment_status":"open","ping_status":"closed","template":"","meta":{"site-sidebar-layout":"default","site-content-layout":"","ast-site-content-layout":"default","site-content-style":"default","site-sidebar-style":"default","ast-global-header-display":"","ast-banner-title-visibility":"","ast-main-header-display":"","ast-hfb-above-header-display":"","ast-hfb-below-header-display":"","ast-hfb-mobile-header-display":"","site-post-title":"","ast-breadcrumbs-content":"","ast-featured-img":"","footer-sml-layout":"","ast-disable-related-posts":"","theme-transparent-header-meta":"default","adv-header-id-meta":"","stick-header-meta":"","header-above-stick-meta":"","header-main-stick-meta":"","header-below-stick-meta":"","astra-migrate-meta-layouts":"set","ast-page-background-enabled":"default","ast-page-background-meta":{"desktop":{"background-color":"","background-image":"","background-repeat":"repeat","background-position":"center center","background-size":"auto","background-attachment":"scroll","background-type":"","background-media":"","overlay-type":"","overlay-color":"","overlay-opacity":"","overlay-gradient":""},"tablet":{"background-color":"","background-image":"","background-repeat":"repeat","background-position":"center center","background-size":"auto","background-attachment":"scroll","background-type":"","background-media":"","overlay-type":"","overlay-color":"","overlay-opacity":"","overlay-gradient":""},"mobile":{"background-color":"","background-image":"","background-repeat":"repeat","background-position":"center center","background-size":"auto","background-attachment":"scroll","background-type":"","background-media":"","overlay-type":"","overlay-color":"","overlay-opacity":"","overlay-gradient":""}},"ast-content-background-meta":{"desktop":{"background-color":"var(--ast-global-color-5)","background-image":"","background-repeat":"repeat","background-position":"center center","background-size":"auto","background-attachment":"scroll","background-type":"","background-media":"","overlay-type":"","overlay-color":"","overlay-opacity":"","overlay-gradient":""},"tablet":{"background-color":"var(--ast-global-color-5)","background-image":"","background-repeat":"repeat","background-position":"center center","background-size":"auto","background-attachment":"scroll","background-type":"","background-media":"","overlay-type":"","overlay-color":"","overlay-opacity":"","overlay-gradient":""},"mobile":{"background-color":"var(--ast-global-color-5)","background-image":"","background-repeat":"repeat","background-position":"center center","background-size":"auto","background-attachment":"scroll","background-type":"","background-media":"","overlay-type":"","overlay-color":"","overlay-opacity":"","overlay-gradient":""}},"jetpack_publicize_message":"","jetpack_publicize_feature_enabled":true,"jetpack_social_post_already_shared":true,"jetpack_social_options":{"image_generator_settings":{"template":"highway","default_image_id":0,"font":"","enabled":false},"version":2},"_wpas_customize_per_network":false},"product_brand":[],"product_cat":[60,62],"product_tag":[96],"class_list":{"0":"post-4954","1":"product","2":"type-product","3":"status-publish","4":"has-post-thumbnail","6":"product_cat-all-products","7":"product_cat-microsoft","8":"product_tag-windows-11-pro","9":"desktop-align-left","10":"tablet-align-left","11":"mobile-align-left","13":"first","14":"instock","15":"sale","16":"featured","17":"shipping-taxable","18":"purchasable","19":"product-type-variable","20":"has-default-attributes"},"yoast_head":"<!-- This site is optimized with the Yoast SEO plugin v27.6 - https:\/\/yoast.com\/product\/yoast-seo-wordpress\/ -->\n<title>Windows 11 Pro - Advanced Features &amp; Best Price | Software Sail<\/title>\n<meta name=\"description\" content=\"Get Windows 11 Pro with advanced features and enhanced security at the best price on the market at Software Sail. Perfect for businesses and power users.\" \/>\n<meta name=\"robots\" content=\"index, follow, max-snippet:-1, max-image-preview:large, max-video-preview:-1\" \/>\n<link rel=\"canonical\" href=\"https:\/\/softwaresail.com\/fr\/product\/windows-11-pro\/\" \/>\n<meta property=\"og:locale\" content=\"fr_FR\" \/>\n<meta property=\"og:type\" content=\"article\" \/>\n<meta property=\"og:title\" content=\"Windows 11 Pro - Advanced Features &amp; Best Price | Software Sail\" \/>\n<meta property=\"og:description\" content=\"Get Windows 11 Pro with advanced features and enhanced security at the best price on the market at Software Sail. Perfect for businesses and power users.\" \/>\n<meta property=\"og:url\" content=\"https:\/\/softwaresail.com\/fr\/product\/windows-11-pro\/\" \/>\n<meta property=\"og:site_name\" content=\"Software Sail\" \/>\n<meta property=\"article:publisher\" content=\"https:\/\/www.facebook.com\/softwaresail\/\" \/>\n<meta property=\"article:modified_time\" content=\"2026-05-12T05:56:19+00:00\" \/>\n<meta property=\"og:image\" content=\"https:\/\/softwaresail.com\/wp-content\/uploads\/2025\/11\/Windows-11-Pro.png\" \/>\n\t<meta property=\"og:image:width\" content=\"1950\" \/>\n\t<meta property=\"og:image:height\" content=\"1300\" \/>\n\t<meta property=\"og:image:type\" content=\"image\/png\" \/>\n<meta name=\"twitter:card\" content=\"summary_large_image\" \/>\n<meta name=\"twitter:label1\" content=\"Dur\u00e9e de lecture estim\u00e9e\" \/>\n\t<meta name=\"twitter:data1\" content=\"1 minute\" \/>\n<script type=\"application\/ld+json\" class=\"yoast-schema-graph\">{\"@context\":\"https:\\\/\\\/schema.org\",\"@graph\":[{\"@type\":\"WebPage\",\"@id\":\"https:\\\/\\\/softwaresail.com\\\/product\\\/windows-11-pro\\\/\",\"url\":\"https:\\\/\\\/softwaresail.com\\\/product\\\/windows-11-pro\\\/\",\"name\":\"Windows 11 Pro - Advanced Features & Best Price | Software Sail\",\"isPartOf\":{\"@id\":\"https:\\\/\\\/softwaresail.com\\\/#website\"},\"primaryImageOfPage\":{\"@id\":\"https:\\\/\\\/softwaresail.com\\\/product\\\/windows-11-pro\\\/#primaryimage\"},\"image\":{\"@id\":\"https:\\\/\\\/softwaresail.com\\\/product\\\/windows-11-pro\\\/#primaryimage\"},\"thumbnailUrl\":\"https:\\\/\\\/softwaresail.com\\\/wp-content\\\/uploads\\\/2025\\\/11\\\/Windows-11-Pro.png\",\"datePublished\":\"2025-11-11T01:20:39+00:00\",\"dateModified\":\"2026-05-12T05:56:19+00:00\",\"description\":\"Get Windows 11 Pro with advanced features and enhanced security at the best price on the market at Software Sail. Perfect for businesses and power users.\",\"breadcrumb\":{\"@id\":\"https:\\\/\\\/softwaresail.com\\\/product\\\/windows-11-pro\\\/#breadcrumb\"},\"inLanguage\":\"fr-FR\",\"potentialAction\":[{\"@type\":\"ReadAction\",\"target\":[\"https:\\\/\\\/softwaresail.com\\\/product\\\/windows-11-pro\\\/\"]}]},{\"@type\":\"ImageObject\",\"inLanguage\":\"fr-FR\",\"@id\":\"https:\\\/\\\/softwaresail.com\\\/product\\\/windows-11-pro\\\/#primaryimage\",\"url\":\"https:\\\/\\\/softwaresail.com\\\/wp-content\\\/uploads\\\/2025\\\/11\\\/Windows-11-Pro.png\",\"contentUrl\":\"https:\\\/\\\/softwaresail.com\\\/wp-content\\\/uploads\\\/2025\\\/11\\\/Windows-11-Pro.png\",\"width\":1950,\"height\":1300,\"caption\":\"Windows 11 Pro\"},{\"@type\":\"BreadcrumbList\",\"@id\":\"https:\\\/\\\/softwaresail.com\\\/product\\\/windows-11-pro\\\/#breadcrumb\",\"itemListElement\":[{\"@type\":\"ListItem\",\"position\":1,\"name\":\"Home\",\"item\":\"https:\\\/\\\/softwaresail.com\\\/\"},{\"@type\":\"ListItem\",\"position\":2,\"name\":\"Store\",\"item\":\"https:\\\/\\\/softwaresail.com\\\/store\\\/\"},{\"@type\":\"ListItem\",\"position\":3,\"name\":\"Windows 11 Pro\"}]},{\"@type\":\"WebSite\",\"@id\":\"https:\\\/\\\/softwaresail.com\\\/#website\",\"url\":\"https:\\\/\\\/softwaresail.com\\\/\",\"name\":\"Software Sail\",\"description\":\"Specialized Software Reseller\",\"publisher\":{\"@id\":\"https:\\\/\\\/softwaresail.com\\\/#organization\"},\"potentialAction\":[{\"@type\":\"SearchAction\",\"target\":{\"@type\":\"EntryPoint\",\"urlTemplate\":\"https:\\\/\\\/softwaresail.com\\\/?s={search_term_string}\"},\"query-input\":{\"@type\":\"PropertyValueSpecification\",\"valueRequired\":true,\"valueName\":\"search_term_string\"}}],\"inLanguage\":\"fr-FR\"},{\"@type\":\"Organization\",\"@id\":\"https:\\\/\\\/softwaresail.com\\\/#organization\",\"name\":\"Software Sail | Specialized Software Reseller\",\"url\":\"https:\\\/\\\/softwaresail.com\\\/\",\"logo\":{\"@type\":\"ImageObject\",\"inLanguage\":\"fr-FR\",\"@id\":\"https:\\\/\\\/softwaresail.com\\\/#\\\/schema\\\/logo\\\/image\\\/\",\"url\":\"https:\\\/\\\/softwaresail.com\\\/wp-content\\\/uploads\\\/2025\\\/11\\\/cropped-software_sail_extended_logo.png\",\"contentUrl\":\"https:\\\/\\\/softwaresail.com\\\/wp-content\\\/uploads\\\/2025\\\/11\\\/cropped-software_sail_extended_logo.png\",\"width\":1200,\"height\":400,\"caption\":\"Software Sail | Specialized Software Reseller\"},\"image\":{\"@id\":\"https:\\\/\\\/softwaresail.com\\\/#\\\/schema\\\/logo\\\/image\\\/\"},\"sameAs\":[\"https:\\\/\\\/www.facebook.com\\\/softwaresail\\\/\",\"https:\\\/\\\/www.instagram.com\\\/software_sail\\\/\"]}]}<\/script>\n<!-- \/ Yoast SEO plugin. -->","yoast_head_json":{"title":"Windows 11 Pro - Fonctionnalit\u00e9s Avanc\u00e9es et Meilleur Prix | Software Sail","description":"Obtenez Windows 11 Pro avec des fonctionnalit\u00e9s avanc\u00e9es et une s\u00e9curit\u00e9 renforc\u00e9e au meilleur prix du march\u00e9 chez Software Sail. Id\u00e9al pour les entreprises et les utilisateurs exp\u00e9riment\u00e9s.","robots":{"index":"index","follow":"follow","max-snippet":"max-snippet:-1","max-image-preview":"max-image-preview:large","max-video-preview":"max-video-preview:-1"},"canonical":"https:\/\/softwaresail.com\/fr\/product\/windows-11-pro\/","og_locale":"fr_FR","og_type":"article","og_title":"Windows 11 Pro - Advanced Features & Best Price | Software Sail","og_description":"Get Windows 11 Pro with advanced features and enhanced security at the best price on the market at Software Sail. Perfect for businesses and power users.","og_url":"https:\/\/softwaresail.com\/fr\/product\/windows-11-pro\/","og_site_name":"Software Sail","article_publisher":"https:\/\/www.facebook.com\/softwaresail\/","article_modified_time":"2026-05-12T05:56:19+00:00","og_image":[{"width":1950,"height":1300,"url":"https:\/\/softwaresail.com\/wp-content\/uploads\/2025\/11\/Windows-11-Pro.png","type":"image\/png"}],"twitter_card":"summary_large_image","twitter_misc":{"Dur\u00e9e de lecture estim\u00e9e":"1 minute"},"schema":{"@context":"https:\/\/schema.org","@graph":[{"@type":"WebPage","@id":"https:\/\/softwaresail.com\/product\/windows-11-pro\/","url":"https:\/\/softwaresail.com\/product\/windows-11-pro\/","name":"Windows 11 Pro - Fonctionnalit\u00e9s Avanc\u00e9es et Meilleur Prix | Software Sail","isPartOf":{"@id":"https:\/\/softwaresail.com\/#website"},"primaryImageOfPage":{"@id":"https:\/\/softwaresail.com\/product\/windows-11-pro\/#primaryimage"},"image":{"@id":"https:\/\/softwaresail.com\/product\/windows-11-pro\/#primaryimage"},"thumbnailUrl":"https:\/\/softwaresail.com\/wp-content\/uploads\/2025\/11\/Windows-11-Pro.png","datePublished":"2025-11-11T01:20:39+00:00","dateModified":"2026-05-12T05:56:19+00:00","description":"Obtenez Windows 11 Pro avec des fonctionnalit\u00e9s avanc\u00e9es et une s\u00e9curit\u00e9 renforc\u00e9e au meilleur prix du march\u00e9 chez Software Sail. Id\u00e9al pour les entreprises et les utilisateurs exp\u00e9riment\u00e9s.","breadcrumb":{"@id":"https:\/\/softwaresail.com\/product\/windows-11-pro\/#breadcrumb"},"inLanguage":"fr-FR","potentialAction":[{"@type":"ReadAction","target":["https:\/\/softwaresail.com\/product\/windows-11-pro\/"]}]},{"@type":"ImageObject","inLanguage":"fr-FR","@id":"https:\/\/softwaresail.com\/product\/windows-11-pro\/#primaryimage","url":"https:\/\/softwaresail.com\/wp-content\/uploads\/2025\/11\/Windows-11-Pro.png","contentUrl":"https:\/\/softwaresail.com\/wp-content\/uploads\/2025\/11\/Windows-11-Pro.png","width":1950,"height":1300,"caption":"Windows 11 Pro"},{"@type":"BreadcrumbList","@id":"https:\/\/softwaresail.com\/product\/windows-11-pro\/#breadcrumb","itemListElement":[{"@type":"ListItem","position":1,"name":"Home","item":"https:\/\/softwaresail.com\/"},{"@type":"ListItem","position":2,"name":"Store","item":"https:\/\/softwaresail.com\/store\/"},{"@type":"ListItem","position":3,"name":"Windows 11 Pro"}]},{"@type":"WebSite","@id":"https:\/\/softwaresail.com\/#website","url":"https:\/\/softwaresail.com\/","name":"Software Sail","description":"Revendeur de logiciels sp\u00e9cialis\u00e9s","publisher":{"@id":"https:\/\/softwaresail.com\/#organization"},"potentialAction":[{"@type":"SearchAction","target":{"@type":"EntryPoint","urlTemplate":"https:\/\/softwaresail.com\/?s={search_term_string}"},"query-input":{"@type":"PropertyValueSpecification","valueRequired":true,"valueName":"search_term_string"}}],"inLanguage":"fr-FR"},{"@type":"Organization","@id":"https:\/\/softwaresail.com\/#organization","name":"Software Sail | Revendeur de Logiciels Sp\u00e9cialis\u00e9","url":"https:\/\/softwaresail.com\/","logo":{"@type":"ImageObject","inLanguage":"fr-FR","@id":"https:\/\/softwaresail.com\/#\/schema\/logo\/image\/","url":"https:\/\/softwaresail.com\/wp-content\/uploads\/2025\/11\/cropped-software_sail_extended_logo.png","contentUrl":"https:\/\/softwaresail.com\/wp-content\/uploads\/2025\/11\/cropped-software_sail_extended_logo.png","width":1200,"height":400,"caption":"Software Sail | Specialized Software Reseller"},"image":{"@id":"https:\/\/softwaresail.com\/#\/schema\/logo\/image\/"},"sameAs":["https:\/\/www.facebook.com\/softwaresail\/","https:\/\/www.instagram.com\/software_sail\/"]}]}},"jetpack_publicize_connections":[],"jetpack_sharing_enabled":true,"jetpack-related-posts":[{"id":30753,"url":"https:\/\/softwaresail.com\/fr\/product\/windows-10-pro\/","url_meta":{"origin":4954,"position":0},"title":"Windows 10 Pro","author":"horizonsoftwareindustries","date":"06\/05\/2026","format":false,"excerpt":"Windows 10 Pro LANGUAGE:\u00a0 MULTI LANGUAGE DEVICE:\u00a01 DURATION:\u00a0 LIFETIME LICENSE Microsoft Windows 10 Pro\u00a0digital complete licences The ultimate version is available for installation","rel":"","context":"Article similaire","block_context":{"text":"Article similaire","link":""},"img":{"alt_text":"","src":"https:\/\/i0.wp.com\/softwaresail.com\/wp-content\/uploads\/2026\/05\/win-1o-pro-bona.png?resize=350%2C200&ssl=1","width":350,"height":200,"srcset":"https:\/\/i0.wp.com\/softwaresail.com\/wp-content\/uploads\/2026\/05\/win-1o-pro-bona.png?resize=350%2C200&ssl=1 1x, https:\/\/i0.wp.com\/softwaresail.com\/wp-content\/uploads\/2026\/05\/win-1o-pro-bona.png?resize=525%2C300&ssl=1 1.5x, https:\/\/i0.wp.com\/softwaresail.com\/wp-content\/uploads\/2026\/05\/win-1o-pro-bona.png?resize=700%2C400&ssl=1 2x, https:\/\/i0.wp.com\/softwaresail.com\/wp-content\/uploads\/2026\/05\/win-1o-pro-bona.png?resize=1050%2C600&ssl=1 3x, https:\/\/i0.wp.com\/softwaresail.com\/wp-content\/uploads\/2026\/05\/win-1o-pro-bona.png?resize=1400%2C800&ssl=1 4x"},"classes":[]},{"id":30219,"url":"https:\/\/softwaresail.com\/fr\/product\/adobe-acrobat-pro\/","url_meta":{"origin":4954,"position":1},"title":"Adobe Acrobat Pro","author":"horizonsoftwareindustries","date":"19\/04\/2026","format":false,"excerpt":"","rel":"","context":"Article similaire","block_context":{"text":"Article similaire","link":""},"img":{"alt_text":"","src":"https:\/\/i0.wp.com\/softwaresail.com\/wp-content\/uploads\/2026\/04\/Adobe-Acrobat-Pro.png?resize=350%2C200&ssl=1","width":350,"height":200,"srcset":"https:\/\/i0.wp.com\/softwaresail.com\/wp-content\/uploads\/2026\/04\/Adobe-Acrobat-Pro.png?resize=350%2C200&ssl=1 1x, https:\/\/i0.wp.com\/softwaresail.com\/wp-content\/uploads\/2026\/04\/Adobe-Acrobat-Pro.png?resize=525%2C300&ssl=1 1.5x, https:\/\/i0.wp.com\/softwaresail.com\/wp-content\/uploads\/2026\/04\/Adobe-Acrobat-Pro.png?resize=700%2C400&ssl=1 2x, https:\/\/i0.wp.com\/softwaresail.com\/wp-content\/uploads\/2026\/04\/Adobe-Acrobat-Pro.png?resize=1050%2C600&ssl=1 3x"},"classes":[]},{"id":4961,"url":"https:\/\/softwaresail.com\/fr\/product\/adobe-creative-cloud\/","url_meta":{"origin":4954,"position":2},"title":"Adobe Creative Cloud","author":"horizonsoftwareindustries","date":"11\/11\/2025","format":false,"excerpt":"Adobe Creative Cloud\u2122 VERSION: 2025 LANGUAGE: MULTI LANGUAGE OPERATING SYSTEM:\u00a0WINDOWS \/ MAC DEVICES: 2\u00a0DEVICES DURATION: 1 \u00a0YEAR Adobe Creative Cloud\u2122 digital complete licences The latest available version is available for installation. Forget about subscription cancellation fees with Adobe. There are none here! Trustpilot [unique_description_1] Acrobat Pro Acrobat Pro DC Photoshop\u2026","rel":"","context":"Article similaire","block_context":{"text":"Article similaire","link":""},"img":{"alt_text":"","src":"https:\/\/i0.wp.com\/softwaresail.com\/wp-content\/uploads\/2025\/11\/adobe-creative-cloud-master-collection.png?resize=350%2C200&ssl=1","width":350,"height":200,"srcset":"https:\/\/i0.wp.com\/softwaresail.com\/wp-content\/uploads\/2025\/11\/adobe-creative-cloud-master-collection.png?resize=350%2C200&ssl=1 1x, https:\/\/i0.wp.com\/softwaresail.com\/wp-content\/uploads\/2025\/11\/adobe-creative-cloud-master-collection.png?resize=525%2C300&ssl=1 1.5x, https:\/\/i0.wp.com\/softwaresail.com\/wp-content\/uploads\/2025\/11\/adobe-creative-cloud-master-collection.png?resize=700%2C400&ssl=1 2x, https:\/\/i0.wp.com\/softwaresail.com\/wp-content\/uploads\/2025\/11\/adobe-creative-cloud-master-collection.png?resize=1050%2C600&ssl=1 3x, https:\/\/i0.wp.com\/softwaresail.com\/wp-content\/uploads\/2025\/11\/adobe-creative-cloud-master-collection.png?resize=1400%2C800&ssl=1 4x"},"classes":[]},{"id":4834,"url":"https:\/\/softwaresail.com\/fr\/product\/autodesk-advance-steel\/","url_meta":{"origin":4954,"position":3},"title":"Autodesk Advance Steel","author":"horizonsoftwareindustries","date":"10\/11\/2025","format":false,"excerpt":"Autodesk\u00a0Revit VERSION:\u00a0 2020 - 2026 LANGUAGE:\u00a0 MULTI LANGUAGE OPERATING SYSTEM:\u00a0 WINDOWS DEVICES:\u00a0 1 DEVICE DURATION:\u00a0 1 YEAR \/ 3 YEARS \/ LIFETIME Autodesk Revit digital complete licences All versions from 2020 to 2026 are available for installation [unique_description_1] Revit Desktop Connector Drive Insight - Energy Analysis Insight - Green Building\u2026","rel":"","context":"Article similaire","block_context":{"text":"Article similaire","link":""},"img":{"alt_text":"Autodesk Advance Steel","src":"https:\/\/i0.wp.com\/softwaresail.com\/wp-content\/uploads\/2025\/11\/Advance-Steel.png?resize=350%2C200&ssl=1","width":350,"height":200,"srcset":"https:\/\/i0.wp.com\/softwaresail.com\/wp-content\/uploads\/2025\/11\/Advance-Steel.png?resize=350%2C200&ssl=1 1x, https:\/\/i0.wp.com\/softwaresail.com\/wp-content\/uploads\/2025\/11\/Advance-Steel.png?resize=525%2C300&ssl=1 1.5x, https:\/\/i0.wp.com\/softwaresail.com\/wp-content\/uploads\/2025\/11\/Advance-Steel.png?resize=700%2C400&ssl=1 2x, https:\/\/i0.wp.com\/softwaresail.com\/wp-content\/uploads\/2025\/11\/Advance-Steel.png?resize=1050%2C600&ssl=1 3x, https:\/\/i0.wp.com\/softwaresail.com\/wp-content\/uploads\/2025\/11\/Advance-Steel.png?resize=1400%2C800&ssl=1 4x"},"classes":[]},{"id":4829,"url":"https:\/\/softwaresail.com\/fr\/product\/autodesk-3ds-max\/","url_meta":{"origin":4954,"position":4},"title":"Autodesk 3DS Max","author":"horizonsoftwareindustries","date":"10\/11\/2025","format":false,"excerpt":"Autodesk\u00a0Revit VERSION:\u00a0 2020 - 2026 LANGUAGE:\u00a0 MULTI LANGUAGE OPERATING SYSTEM:\u00a0 WINDOWS DEVICES:\u00a0 1 DEVICE DURATION:\u00a0 1 YEAR \/ 3 YEARS \/ LIFETIME Autodesk Revit digital complete licences All versions from 2020 to 2026 are available for installation [unique_description_1] Revit Desktop Connector Drive Insight - Energy Analysis Insight - Green Building\u2026","rel":"","context":"Article similaire","block_context":{"text":"Article similaire","link":""},"img":{"alt_text":"Autodesk 3ds Max","src":"https:\/\/i0.wp.com\/softwaresail.com\/wp-content\/uploads\/2025\/11\/autodesk-3ds-max.png?resize=350%2C200&ssl=1","width":350,"height":200,"srcset":"https:\/\/i0.wp.com\/softwaresail.com\/wp-content\/uploads\/2025\/11\/autodesk-3ds-max.png?resize=350%2C200&ssl=1 1x, https:\/\/i0.wp.com\/softwaresail.com\/wp-content\/uploads\/2025\/11\/autodesk-3ds-max.png?resize=525%2C300&ssl=1 1.5x, https:\/\/i0.wp.com\/softwaresail.com\/wp-content\/uploads\/2025\/11\/autodesk-3ds-max.png?resize=700%2C400&ssl=1 2x, https:\/\/i0.wp.com\/softwaresail.com\/wp-content\/uploads\/2025\/11\/autodesk-3ds-max.png?resize=1050%2C600&ssl=1 3x, https:\/\/i0.wp.com\/softwaresail.com\/wp-content\/uploads\/2025\/11\/autodesk-3ds-max.png?resize=1400%2C800&ssl=1 4x"},"classes":[]},{"id":4508,"url":"https:\/\/softwaresail.com\/fr\/product\/autodesk-revit\/","url_meta":{"origin":4954,"position":5},"title":"Autodesk Revit","author":"horizonsoftwareindustries","date":"09\/11\/2025","format":false,"excerpt":"Autodesk\u00a0Revit VERSION:\u00a0 2020 - 2026 LANGUAGE:\u00a0 MULTI LANGUAGE OPERATING SYSTEM:\u00a0 WINDOWS DEVICES:\u00a0 1 DEVICE DURATION:\u00a0 1 YEAR \/ 3 YEARS \/ LIFETIME Autodesk Revit digital complete licences All versions from 2020 to 2026 are available for installation [unique_description_1] Revit Desktop Connector Drive Insight - Energy Analysis Insight - Green Building\u2026","rel":"","context":"Article similaire","block_context":{"text":"Article similaire","link":""},"img":{"alt_text":"Autodesk Revit","src":"https:\/\/i0.wp.com\/softwaresail.com\/wp-content\/uploads\/2025\/11\/autodesk-revit.png?resize=350%2C200&ssl=1","width":350,"height":200,"srcset":"https:\/\/i0.wp.com\/softwaresail.com\/wp-content\/uploads\/2025\/11\/autodesk-revit.png?resize=350%2C200&ssl=1 1x, https:\/\/i0.wp.com\/softwaresail.com\/wp-content\/uploads\/2025\/11\/autodesk-revit.png?resize=525%2C300&ssl=1 1.5x, https:\/\/i0.wp.com\/softwaresail.com\/wp-content\/uploads\/2025\/11\/autodesk-revit.png?resize=700%2C400&ssl=1 2x, https:\/\/i0.wp.com\/softwaresail.com\/wp-content\/uploads\/2025\/11\/autodesk-revit.png?resize=1050%2C600&ssl=1 3x, https:\/\/i0.wp.com\/softwaresail.com\/wp-content\/uploads\/2025\/11\/autodesk-revit.png?resize=1400%2C800&ssl=1 4x"},"classes":[]}],"_links":{"self":[{"href":"https:\/\/softwaresail.com\/fr\/wp-json\/wp\/v2\/product\/4954","targetHints":{"allow":["GET"]}}],"collection":[{"href":"https:\/\/softwaresail.com\/fr\/wp-json\/wp\/v2\/product"}],"about":[{"href":"https:\/\/softwaresail.com\/fr\/wp-json\/wp\/v2\/types\/product"}],"replies":[{"embeddable":true,"href":"https:\/\/softwaresail.com\/fr\/wp-json\/wp\/v2\/comments?post=4954"}],"version-history":[{"count":1,"href":"https:\/\/softwaresail.com\/fr\/wp-json\/wp\/v2\/product\/4954\/revisions"}],"predecessor-version":[{"id":4955,"href":"https:\/\/softwaresail.com\/fr\/wp-json\/wp\/v2\/product\/4954\/revisions\/4955"}],"wp:featuredmedia":[{"embeddable":true,"href":"https:\/\/softwaresail.com\/fr\/wp-json\/wp\/v2\/media\/5258"}],"wp:attachment":[{"href":"https:\/\/softwaresail.com\/fr\/wp-json\/wp\/v2\/media?parent=4954"}],"wp:term":[{"taxonomy":"product_brand","embeddable":true,"href":"https:\/\/softwaresail.com\/fr\/wp-json\/wp\/v2\/product_brand?post=4954"},{"taxonomy":"product_cat","embeddable":true,"href":"https:\/\/softwaresail.com\/fr\/wp-json\/wp\/v2\/product_cat?post=4954"},{"taxonomy":"product_tag","embeddable":true,"href":"https:\/\/softwaresail.com\/fr\/wp-json\/wp\/v2\/product_tag?post=4954"}],"curies":[{"name":"wp","href":"https:\/\/api.w.org\/{rel}","templated":true}]}}