{"id":5029,"date":"2025-11-22T18:11:10","date_gmt":"2025-11-22T18:11:10","guid":{"rendered":"https:\/\/restivomartino-qocle.wpcomstaging.com\/?page_id=5029"},"modified":"2026-04-21T03:54:37","modified_gmt":"2026-04-21T01:54:37","slug":"devoluciones-y-reembolsos","status":"publish","type":"page","link":"https:\/\/softwaresail.com\/es\/return-and-refund\/","title":{"rendered":"Devoluciones y Reembolsos"},"content":{"rendered":"<div data-elementor-type=\"wp-page\" data-elementor-id=\"5029\" class=\"elementor elementor-5029\" data-elementor-post-type=\"page\">\n\t\t\t\t<div class=\"elementor-element elementor-element-32d0c94a e-flex e-con-boxed e-con e-parent\" data-id=\"32d0c94a\" data-element_type=\"container\" data-e-type=\"container\">\n\t\t\t\t\t<div class=\"e-con-inner\">\n\t\t\t\t<div class=\"elementor-element elementor-element-59dc9469 elementor-widget elementor-widget-text-editor\" data-id=\"59dc9469\" data-element_type=\"widget\" data-e-type=\"widget\" data-widget_type=\"text-editor.default\">\n\t\t\t\t<div class=\"elementor-widget-container\">\n\t\t\t\t\t\t\t\t\t<h1 data-section-id=\"1xc9svd\" data-start=\"498\" data-end=\"528\"><span role=\"text\"><strong data-start=\"500\" data-end=\"528\">Pol\u00edtica de devoluciones y reembolsos<\/strong><\/span><\/h1><p data-start=\"530\" data-end=\"562\"><strong data-start=\"530\" data-end=\"562\">\u00daltima actualizaci\u00f3n: 21 de noviembre de 2024<\/strong><\/p><p data-start=\"564\" data-end=\"820\">En <strong data-start=\"567\" data-end=\"584\">Software Sail<\/strong>, nuestro objetivo es brindar un servicio justo, transparente y centrado en el cliente. Esta Pol\u00edtica de Devoluciones y Reembolsos explica cu\u00e1ndo se puede aceptar una solicitud de reembolso, reemplazo o asistencia para los productos comprados a trav\u00e9s de <strong data-start=\"791\" data-end=\"819\"><a class=\"decorated-link\" href=\"https:\/\/softwaresail.com\/es\/?utm_source=chatgpt.com\" target=\"_new\" rel=\"noopener\" data-start=\"793\" data-end=\"817\">https:\/\/softwaresail.com<\/a><\/strong>.<\/p><p data-start=\"822\" data-end=\"978\">Porque la mayor\u00eda de los productos que se venden en nuestro sitio web son <strong data-start=\"868\" data-end=\"910\">productos digitales y licencias de software<\/strong>, el proceso de devoluci\u00f3n y reembolso difiere del de los bienes f\u00edsicos.<\/p><h2 data-section-id=\"c2cbjg\" data-start=\"985\" data-end=\"1009\"><span role=\"text\"><strong data-start=\"988\" data-end=\"1009\">1. Pol\u00edtica General<\/strong><\/span><\/h2><p data-start=\"1011\" data-end=\"1161\">Ofrecemos soporte al cliente para todos los pedidos elegibles y revisamos las solicitudes de reembolso o reemplazo caso por caso de acuerdo con esta Pol\u00edtica.<\/p><p data-start=\"1163\" data-end=\"1340\">Si realiz\u00f3 una compra por error, recibi\u00f3 el producto incorrecto o experimenta un problema con el producto, cont\u00e1ctenos lo antes posible para que podamos revisar su solicitud y ayudarle.<\/p><p data-start=\"1342\" data-end=\"1405\">Para solicitar soporte, un reembolso o un reemplazo, por favor contacte a:<\/p><p data-start=\"1407\" data-end=\"1440\"><strong data-start=\"1407\" data-end=\"1418\">Correo electr\u00f3nico<\/strong> <a class=\"decorated-link cursor-pointer\" rel=\"noopener\" data-start=\"1419\" data-end=\"1440\">info@softwaresail.com<\/a><\/p><p data-start=\"1442\" data-end=\"1495\">Por favor, incluye tu <strong data-start=\"1462\" data-end=\"1478\">n\u00famero de orden<\/strong> en tu mensaje.<\/p><h2 data-section-id=\"172ytk3\" data-start=\"1502\" data-end=\"1533\"><span role=\"text\"><strong data-start=\"1505\" data-end=\"1533\">2. Per\u00edodo de Solicitud de Reembolso<\/strong><\/span><\/h2><p data-start=\"1535\" data-end=\"1624\">Las solicitudes de reembolso deben presentarse por correo electr\u00f3nico dentro de <strong data-start=\"1586\" data-end=\"1597\">30 d\u00edas<\/strong> a partir de la fecha de compra.<\/p><p data-start=\"1626\" data-end=\"1683\">Las solicitudes presentadas despu\u00e9s de este per\u00edodo podr\u00edan no ser aceptadas.<\/p><h2 data-section-id=\"e1nbac\" data-start=\"1690\" data-end=\"1739\"><span role=\"text\"><strong data-start=\"1693\" data-end=\"1739\">3. Productos digitales y licencias activadas<\/strong><\/span><\/h2><p data-start=\"1741\" data-end=\"2074\">Debido a la naturaleza de <strong data-start=\"1762\" data-end=\"1782\">productos digitales<\/strong>, las licencias de software que ya han sido entregadas, activadas, consumidas o utilizadas pueden <strong data-start=\"1869\" data-end=\"1909\">No ser elegible para reembolso o devoluci\u00f3n<\/strong>, excepto cuando lo exija la ley aplicable o cuando el producto se demuestre defectuoso y no pueda ser restaurado, reemplazado o resuelto de otra manera por nuestro equipo de soporte.<\/p><p data-start=\"2076\" data-end=\"2270\">Por esta raz\u00f3n, antes de comprar y activar cualquier producto, debes verificar cuidadosamente que has seleccionado el software, la versi\u00f3n, la plataforma y la compatibilidad correctos para tu dispositivo o sistema.<\/p><h2 data-section-id=\"1wf0iep\" data-start=\"2277\" data-end=\"2335\"><span role=\"text\"><strong data-start=\"2280\" data-end=\"2335\">4. Casos en los que puede contactarnos para obtener una soluci\u00f3n<\/strong><\/span><\/h2><p data-start=\"2337\" data-end=\"2359\">Puede contactarnos si:<\/p><ul data-start=\"2361\" data-end=\"2677\"><li data-section-id=\"1wba1q1\" data-start=\"2361\" data-end=\"2406\">compraste el producto equivocado por error;<\/li><li data-section-id=\"ynj7w8\" data-start=\"2407\" data-end=\"2440\">no recibiste tu pedido;<\/li><li data-section-id=\"1bjlkaz\" data-start=\"2441\" data-end=\"2491\">recibiste la licencia o el producto incorrecto;<\/li><li data-section-id=\"19ddz9i\" data-start=\"2492\" data-end=\"2558\">el producto parece defectuoso o no funciona como se describe;<\/li><li data-section-id=\"6e2er0\" data-start=\"2559\" data-end=\"2622\">la licencia se desactiva antes de su fecha de vencimiento indicada;<\/li><li data-section-id=\"18epmbi\" data-start=\"2623\" data-end=\"2677\">necesita ayuda con la instalaci\u00f3n o la activaci\u00f3n.<\/li><\/ul><p data-start=\"2679\" data-end=\"2756\">Nuestro equipo revisar\u00e1 su caso y podr\u00e1 ofrecer, seg\u00fan las circunstancias:<\/p><ul data-start=\"2758\" data-end=\"2913\"><li data-section-id=\"1j44kue\" data-start=\"2758\" data-end=\"2781\">asistencia t\u00e9cnica;<\/li><li data-section-id=\"1hwqstm\" data-start=\"2782\" data-end=\"2806\">pasos para solucionar problemas;<\/li><li data-section-id=\"1pekcu7\" data-start=\"2807\" data-end=\"2854\">un producto de reemplazo o una licencia de reemplazo;<\/li><li data-section-id=\"3p5xu7\" data-start=\"2855\" data-end=\"2871\">un reembolso completo;<\/li><li data-section-id=\"rlrnj5\" data-start=\"2872\" data-end=\"2913\">o un reembolso parcial, cuando corresponda.<\/li><\/ul><h2 data-section-id=\"1e5924p\" data-start=\"2920\" data-end=\"2948\"><span role=\"text\"><strong data-start=\"2923\" data-end=\"2948\">5. Productos Defectuosos<\/strong><\/span><\/h2><p data-start=\"2950\" data-end=\"3085\">Si informa de un producto defectuoso, revisaremos el problema y le proporcionaremos pasos de soluci\u00f3n de problemas o soporte en un plazo razonable.<\/p><p data-start=\"3087\" data-end=\"3343\">Si el problema no se puede resolver y se confirma que el producto est\u00e1 defectuoso o es in\u00fatil por razones no causadas por mal uso, incompatibilidad elegida por el cliente o circunstancias fuera de nuestro control, podemos ofrecer un reemplazo o un reembolso cuando corresponda.<\/p><h2 data-section-id=\"lrcy7v\" data-start=\"3350\" data-end=\"3398\"><span role=\"text\"><strong data-start=\"3353\" data-end=\"3398\">6. Licencias Desactivadas Antes de Vencimiento<\/strong><\/span><\/h2><p data-start=\"3400\" data-end=\"3566\">Si una licencia se desactiva antes de su fecha de vencimiento estipulada, haremos esfuerzos razonables para restaurar el servicio o proporcionar un reemplazo funcional cuando sea posible.<\/p><p data-start=\"3568\" data-end=\"3776\">Si la restauraci\u00f3n o el reemplazo no son posibles, podemos evaluar un reembolso apropiado o un reembolso parcial basado en las circunstancias espec\u00edficas, incluido el per\u00edodo de uso ya disfrutado antes de la desactivaci\u00f3n.<\/p><h2 data-section-id=\"hh072\" data-start=\"3783\" data-end=\"3821\"><span role=\"text\"><strong data-start=\"3786\" data-end=\"3821\">7. Responsabilidad de compatibilidad<\/strong><\/span><\/h2><p data-start=\"3823\" data-end=\"4011\">Los clientes son responsables de verificar, antes de la compra y la activaci\u00f3n, que el software o producto seleccionado sea compatible con su dispositivo, sistema operativo y entorno t\u00e9cnico.<\/p><p data-start=\"4013\" data-end=\"4254\">Por esta raz\u00f3n, los reembolsos pueden ser denegados cuando el problema es causado \u00fanicamente por <strong data-start=\"4089\" data-end=\"4132\">limitaciones de compatibilidad del lado del cliente<\/strong>, elecci\u00f3n de compra incorrecta, configuraci\u00f3n de dispositivo no compatible o problemas de la computadora local no relacionados con el producto en s\u00ed.<\/p><p data-start=\"4256\" data-end=\"4353\">Si no est\u00e1 seguro de la compatibilidad antes de la compra, le recomendamos encarecidamente que se ponga en contacto con nosotros primero.<\/p><h2 data-section-id=\"s0hdkh\" data-start=\"4360\" data-end=\"4392\"><span role=\"text\"><strong data-start=\"4363\" data-end=\"4392\">8. Asistencia y Apoyo<\/strong><\/span><\/h2><p data-start=\"4394\" data-end=\"4528\">Ofrecemos asistencia para compras elegibles y nuestro objetivo es ayudar a los clientes a resolver problemas de instalaci\u00f3n, activaci\u00f3n y reinstalaci\u00f3n.<\/p><p data-start=\"4530\" data-end=\"4774\">A menos que se indique lo contrario en la p\u00e1gina del producto, los productos vendidos por <strong data-start=\"4592\" data-end=\"4609\">Software Sail<\/strong> incluya asistencia al cliente para la reinstalaci\u00f3n, soporte relacionado con restablecimiento y soporte por chat y\/o correo electr\u00f3nico durante el per\u00edodo de soporte indicado para el producto correspondiente.<\/p><p data-start=\"4776\" data-end=\"4867\">La disponibilidad de soporte no significa autom\u00e1ticamente que cada solicitud califique para un reembolso.<\/p><h2 data-section-id=\"1mk2yly\" data-start=\"4874\" data-end=\"4945\"><span role=\"text\"><strong data-start=\"4877\" data-end=\"4945\">9. Casos en los que se puede rechazar una solicitud de reembolso o reemplazo<\/strong><\/span><\/h2><p data-start=\"4947\" data-end=\"5057\">Una solicitud de reembolso o reemplazo puede ser rechazada si, incluyendo, pero no limitado a, cualquiera de los siguientes aplica:<\/p><ul data-start=\"5059\" data-end=\"5610\"><li data-section-id=\"i8f45m\" data-start=\"5059\" data-end=\"5194\">el producto o licencia ya ha sido activado, utilizado, consumido o entregado irreversiblemente, salvo cuando la ley exija lo contrario;<\/li><li data-section-id=\"uhfx29\" data-start=\"5195\" data-end=\"5316\">el cliente se niega a la resoluci\u00f3n de problemas o asistencia t\u00e9cnica razonables ofrecidas por nuestro equipo antes de solicitar un reembolso;<\/li><li data-section-id=\"1a8iajs\" data-start=\"5317\" data-end=\"5390\">la solicitud se env\u00eda m\u00e1s de <strong data-start=\"5354\" data-end=\"5365\">30 d\u00edas<\/strong> despu\u00e9s de la fecha de compra;<\/li><li data-section-id=\"14s8i9y\" data-start=\"5391\" data-end=\"5540\">el problema se debe a incompatibilidad del dispositivo, entornos no compatibles, error del usuario o problemas del sistema local no atribuibles al producto vendido;<\/li><li data-section-id=\"14ltog7\" data-start=\"5541\" data-end=\"5610\">la solicitud es abusiva, fraudulenta o de mala fe.<\/li><\/ul><h2 data-section-id=\"tv0o2s\" data-start=\"5617\" data-end=\"5676\"><span role=\"text\"><strong data-start=\"5620\" data-end=\"5676\">10. No se requiere devoluci\u00f3n f\u00edsica para productos digitales<\/strong><\/span><\/h2><p data-start=\"5678\" data-end=\"5818\">Como los productos que se venden en este sitio web se entregan principalmente en formato digital, en general <strong data-start=\"5775\" data-end=\"5806\">no se requiere env\u00edo de devoluci\u00f3n f\u00edsico<\/strong> por hacer.<\/p><p data-start=\"5820\" data-end=\"5905\">Si se debe enviar una queja por escrito o correspondencia formal, puede dirigirse a:<\/p><p data-start=\"5907\" data-end=\"6129\"><strong data-start=\"5907\" data-end=\"5937\">Nova Crest Corporation SRL<\/strong><br data-start=\"5937\" data-end=\"5940\" \/><strong data-start=\"5940\" data-end=\"5955\">Comercializando como:<\/strong> Software Sail<br data-start=\"5969\" data-end=\"5972\" \/><strong data-start=\"5972\" data-end=\"5994\">Domicilio social:<\/strong> Municipio de Timi\u0219oara, Calle VASILE ALECSANDRI, N.\u00ba 3, Piso 2, Apartamento 8, Condado de Timi\u0219, 300078, Rumania<br data-start=\"6093\" data-end=\"6096\" \/><strong data-start=\"6096\" data-end=\"6107\">Correo electr\u00f3nico<\/strong> <a class=\"decorated-link cursor-pointer\" rel=\"noopener\" data-start=\"6108\" data-end=\"6129\">info@softwaresail.com<\/a><\/p><h2 data-section-id=\"11cslay\" data-start=\"6136\" data-end=\"6181\"><span role=\"text\"><strong data-start=\"6139\" data-end=\"6181\">11. Aviso importante antes de la activaci\u00f3n<\/strong><\/span><\/h2><p data-start=\"6183\" data-end=\"6277\">Antes de instalar o activar cualquier producto, debe tener el m\u00e1ximo cuidado y verificar que:<\/p><ul data-start=\"6279\" data-end=\"6482\"><li data-section-id=\"1xvaez9\" data-start=\"6279\" data-end=\"6314\">seleccionaste el producto correcto;<\/li><li data-section-id=\"m7l1wo\" data-start=\"6315\" data-end=\"6368\">el producto coincide con el dispositivo o sistema previsto;<\/li><li data-section-id=\"1s6lv0m\" data-start=\"6369\" data-end=\"6429\">el producto es compatible con tu entorno operativo;<\/li><li data-section-id=\"orjgz5\" data-start=\"6430\" data-end=\"6482\">entiendes el tipo de licencia y el alcance del producto.<\/li><\/ul><p data-start=\"6484\" data-end=\"6593\">Una vez que una licencia digital ha sido activada o utilizada de forma irreversible, es posible que ya no sea reutilizable ni revendible.<\/p><h2 data-section-id=\"buy7c3\" data-start=\"6600\" data-end=\"6630\"><span role=\"text\"><strong data-start=\"6603\" data-end=\"6630\">12. Informaci\u00f3n de la empresa<\/strong><\/span><\/h2><p data-start=\"6632\" data-end=\"6934\"><strong data-start=\"6632\" data-end=\"6662\">Nova Crest Corporation SRL<\/strong><br data-start=\"6662\" data-end=\"6665\" \/><strong data-start=\"6665\" data-end=\"6680\">Comercializando como:<\/strong> Software Sail<br data-start=\"6694\" data-end=\"6697\" \/><strong data-start=\"6697\" data-end=\"6743\">N\u00famero de IVA para operaciones intracomunitarias:<\/strong> RO50321406<br data-start=\"6754\" data-end=\"6757\" \/><strong data-start=\"6757\" data-end=\"6765\">CUI<\/strong> 50112043<br data-start=\"6774\" data-end=\"6777\" \/><strong data-start=\"6777\" data-end=\"6799\">Domicilio social:<\/strong> Municipio de Timi\u0219oara, Calle VASILE ALECSANDRI, N.\u00ba 3, Piso 2, Apartamento 8, Condado de Timi\u0219, 300078, Rumania<br data-start=\"6898\" data-end=\"6901\" \/><strong data-start=\"6901\" data-end=\"6912\">Correo electr\u00f3nico<\/strong> <a class=\"decorated-link cursor-pointer\" rel=\"noopener\" data-start=\"6913\" data-end=\"6934\">info@softwaresail.com<\/a><\/p>\t\t\t\t\t\t\t\t<\/div>\n\t\t\t\t<\/div>\n\t\t\t\t\t<\/div>\n\t\t\t\t<\/div>\n\t\t\t\t<\/div>","protected":false},"excerpt":{"rendered":"<p>Return and Refund Policy Last updated: November 21, 2024 At Software Sail, we aim to provide a fair, transparent, and customer-focused service. This Return and Refund Policy explains when a refund, replacement, or assistance request may be accepted for products purchased through <a href=\"https:\/\/softwaresail.com\">https:\/\/softwaresail.com<\/a>. Because most products sold on our website are digital products and software [&hellip;]<\/p>\n","protected":false},"author":273330113,"featured_media":0,"parent":0,"menu_order":0,"comment_status":"closed","ping_status":"open","template":"","meta":{"site-sidebar-layout":"no-sidebar","site-content-layout":"page-builder","ast-site-content-layout":"full-width-container","site-content-style":"default","site-sidebar-style":"default","ast-global-header-display":"","ast-banner-title-visibility":"","ast-main-header-display":"","ast-hfb-above-header-display":"","ast-hfb-below-header-display":"","ast-hfb-mobile-header-display":"","site-post-title":"disabled","ast-breadcrumbs-content":"","ast-featured-img":"disabled","footer-sml-layout":"","ast-disable-related-posts":"","theme-transparent-header-meta":"","adv-header-id-meta":"","stick-header-meta":"","header-above-stick-meta":"","header-main-stick-meta":"","header-below-stick-meta":"","astra-migrate-meta-layouts":"set","ast-page-background-enabled":"default","ast-page-background-meta":{"desktop":{"background-color":"","background-image":"","background-repeat":"repeat","background-position":"center center","background-size":"auto","background-attachment":"scroll","background-type":"","background-media":"","overlay-type":"","overlay-color":"","overlay-opacity":"","overlay-gradient":""},"tablet":{"background-color":"","background-image":"","background-repeat":"repeat","background-position":"center center","background-size":"auto","background-attachment":"scroll","background-type":"","background-media":"","overlay-type":"","overlay-color":"","overlay-opacity":"","overlay-gradient":""},"mobile":{"background-color":"","background-image":"","background-repeat":"repeat","background-position":"center center","background-size":"auto","background-attachment":"scroll","background-type":"","background-media":"","overlay-type":"","overlay-color":"","overlay-opacity":"","overlay-gradient":""}},"ast-content-background-meta":{"desktop":{"background-color":"var(--ast-global-color-5)","background-image":"","background-repeat":"repeat","background-position":"center center","background-size":"auto","background-attachment":"scroll","background-type":"","background-media":"","overlay-type":"","overlay-color":"","overlay-opacity":"","overlay-gradient":""},"tablet":{"background-color":"var(--ast-global-color-5)","background-image":"","background-repeat":"repeat","background-position":"center center","background-size":"auto","background-attachment":"scroll","background-type":"","background-media":"","overlay-type":"","overlay-color":"","overlay-opacity":"","overlay-gradient":""},"mobile":{"background-color":"var(--ast-global-color-5)","background-image":"","background-repeat":"repeat","background-position":"center center","background-size":"auto","background-attachment":"scroll","background-type":"","background-media":"","overlay-type":"","overlay-color":"","overlay-opacity":"","overlay-gradient":""}},"footnotes":""},"class_list":["post-5029","page","type-page","status-publish","hentry"],"yoast_head":"<!-- This site is optimized with the Yoast SEO plugin v27.6 - https:\/\/yoast.com\/product\/yoast-seo-wordpress\/ -->\n<title>Return and Refund - Software Sail<\/title>\n<meta name=\"description\" content=\"Read Software Sail\u2019s Return &amp; Refund Policy for details on cancellations and refund. Clear guidelines to ensure a smooth purchase experience.\" \/>\n<meta name=\"robots\" content=\"index, follow, max-snippet:-1, max-image-preview:large, max-video-preview:-1\" \/>\n<link rel=\"canonical\" href=\"https:\/\/softwaresail.com\/es\/devoluciones-y-reembolsos\/\" \/>\n<meta property=\"og:locale\" content=\"es_ES\" \/>\n<meta property=\"og:type\" content=\"article\" \/>\n<meta property=\"og:title\" content=\"Return and Refund - Software Sail\" \/>\n<meta property=\"og:description\" content=\"Read Software Sail\u2019s Return &amp; Refund Policy for details on cancellations and refund. Clear guidelines to ensure a smooth purchase experience.\" \/>\n<meta property=\"og:url\" content=\"https:\/\/softwaresail.com\/es\/devoluciones-y-reembolsos\/\" \/>\n<meta property=\"og:site_name\" content=\"Software Sail\" \/>\n<meta property=\"article:publisher\" content=\"https:\/\/www.facebook.com\/softwaresail\/\" \/>\n<meta property=\"article:modified_time\" content=\"2026-04-21T01:54:37+00:00\" \/>\n<meta name=\"twitter:card\" content=\"summary_large_image\" \/>\n<meta name=\"twitter:label1\" content=\"Tiempo de lectura\" \/>\n\t<meta name=\"twitter:data1\" content=\"5 minutos\" \/>\n<script type=\"application\/ld+json\" class=\"yoast-schema-graph\">{\"@context\":\"https:\\\/\\\/schema.org\",\"@graph\":[{\"@type\":\"WebPage\",\"@id\":\"https:\\\/\\\/softwaresail.com\\\/return-and-refund\\\/\",\"url\":\"https:\\\/\\\/softwaresail.com\\\/return-and-refund\\\/\",\"name\":\"Return and Refund - Software Sail\",\"isPartOf\":{\"@id\":\"https:\\\/\\\/softwaresail.com\\\/#website\"},\"datePublished\":\"2025-11-22T18:11:10+00:00\",\"dateModified\":\"2026-04-21T01:54:37+00:00\",\"description\":\"Read Software Sail\u2019s Return & Refund Policy for details on cancellations and refund. Clear guidelines to ensure a smooth purchase experience.\",\"breadcrumb\":{\"@id\":\"https:\\\/\\\/softwaresail.com\\\/return-and-refund\\\/#breadcrumb\"},\"inLanguage\":\"es\",\"potentialAction\":[{\"@type\":\"ReadAction\",\"target\":[\"https:\\\/\\\/softwaresail.com\\\/return-and-refund\\\/\"]}]},{\"@type\":\"BreadcrumbList\",\"@id\":\"https:\\\/\\\/softwaresail.com\\\/return-and-refund\\\/#breadcrumb\",\"itemListElement\":[{\"@type\":\"ListItem\",\"position\":1,\"name\":\"Home\",\"item\":\"https:\\\/\\\/softwaresail.com\\\/\"},{\"@type\":\"ListItem\",\"position\":2,\"name\":\"Return and Refund\"}]},{\"@type\":\"WebSite\",\"@id\":\"https:\\\/\\\/softwaresail.com\\\/#website\",\"url\":\"https:\\\/\\\/softwaresail.com\\\/\",\"name\":\"Software Sail\",\"description\":\"Specialized Software Reseller\",\"publisher\":{\"@id\":\"https:\\\/\\\/softwaresail.com\\\/#organization\"},\"potentialAction\":[{\"@type\":\"SearchAction\",\"target\":{\"@type\":\"EntryPoint\",\"urlTemplate\":\"https:\\\/\\\/softwaresail.com\\\/?s={search_term_string}\"},\"query-input\":{\"@type\":\"PropertyValueSpecification\",\"valueRequired\":true,\"valueName\":\"search_term_string\"}}],\"inLanguage\":\"es\"},{\"@type\":\"Organization\",\"@id\":\"https:\\\/\\\/softwaresail.com\\\/#organization\",\"name\":\"Software Sail | Specialized Software Reseller\",\"url\":\"https:\\\/\\\/softwaresail.com\\\/\",\"logo\":{\"@type\":\"ImageObject\",\"inLanguage\":\"es\",\"@id\":\"https:\\\/\\\/softwaresail.com\\\/#\\\/schema\\\/logo\\\/image\\\/\",\"url\":\"https:\\\/\\\/softwaresail.com\\\/wp-content\\\/uploads\\\/2025\\\/11\\\/cropped-software_sail_extended_logo.png\",\"contentUrl\":\"https:\\\/\\\/softwaresail.com\\\/wp-content\\\/uploads\\\/2025\\\/11\\\/cropped-software_sail_extended_logo.png\",\"width\":1200,\"height\":400,\"caption\":\"Software Sail | Specialized Software Reseller\"},\"image\":{\"@id\":\"https:\\\/\\\/softwaresail.com\\\/#\\\/schema\\\/logo\\\/image\\\/\"},\"sameAs\":[\"https:\\\/\\\/www.facebook.com\\\/softwaresail\\\/\",\"https:\\\/\\\/www.instagram.com\\\/software_sail\\\/\"]}]}<\/script>\n<!-- \/ Yoast SEO plugin. -->","yoast_head_json":{"title":"Devoluciones y Reembolsos - Software Sail","description":"Lea la Pol\u00edtica de Devoluciones y Reembolsos de Software Sail para obtener detalles sobre cancelaciones y reembolsos. Directrices claras para garantizar una experiencia de compra fluida.","robots":{"index":"index","follow":"follow","max-snippet":"max-snippet:-1","max-image-preview":"max-image-preview:large","max-video-preview":"max-video-preview:-1"},"canonical":"https:\/\/softwaresail.com\/es\/devoluciones-y-reembolsos\/","og_locale":"es_ES","og_type":"article","og_title":"Return and Refund - Software Sail","og_description":"Read Software Sail\u2019s Return & Refund Policy for details on cancellations and refund. Clear guidelines to ensure a smooth purchase experience.","og_url":"https:\/\/softwaresail.com\/es\/devoluciones-y-reembolsos\/","og_site_name":"Software Sail","article_publisher":"https:\/\/www.facebook.com\/softwaresail\/","article_modified_time":"2026-04-21T01:54:37+00:00","twitter_card":"summary_large_image","twitter_misc":{"Tiempo de lectura":"5 minutos"},"schema":{"@context":"https:\/\/schema.org","@graph":[{"@type":"WebPage","@id":"https:\/\/softwaresail.com\/return-and-refund\/","url":"https:\/\/softwaresail.com\/return-and-refund\/","name":"Devoluciones y Reembolsos - Software Sail","isPartOf":{"@id":"https:\/\/softwaresail.com\/#website"},"datePublished":"2025-11-22T18:11:10+00:00","dateModified":"2026-04-21T01:54:37+00:00","description":"Lea la Pol\u00edtica de Devoluciones y Reembolsos de Software Sail para obtener detalles sobre cancelaciones y reembolsos. Directrices claras para garantizar una experiencia de compra fluida.","breadcrumb":{"@id":"https:\/\/softwaresail.com\/return-and-refund\/#breadcrumb"},"inLanguage":"es","potentialAction":[{"@type":"ReadAction","target":["https:\/\/softwaresail.com\/return-and-refund\/"]}]},{"@type":"BreadcrumbList","@id":"https:\/\/softwaresail.com\/return-and-refund\/#breadcrumb","itemListElement":[{"@type":"ListItem","position":1,"name":"Home","item":"https:\/\/softwaresail.com\/"},{"@type":"ListItem","position":2,"name":"Return and Refund"}]},{"@type":"WebSite","@id":"https:\/\/softwaresail.com\/#website","url":"https:\/\/softwaresail.com\/","name":"Software Sail","description":"Revendedor de software especializado","publisher":{"@id":"https:\/\/softwaresail.com\/#organization"},"potentialAction":[{"@type":"SearchAction","target":{"@type":"EntryPoint","urlTemplate":"https:\/\/softwaresail.com\/?s={search_term_string}"},"query-input":{"@type":"PropertyValueSpecification","valueRequired":true,"valueName":"search_term_string"}}],"inLanguage":"es"},{"@type":"Organization","@id":"https:\/\/softwaresail.com\/#organization","name":"Software Sail | Revendedor Especializado de Software","url":"https:\/\/softwaresail.com\/","logo":{"@type":"ImageObject","inLanguage":"es","@id":"https:\/\/softwaresail.com\/#\/schema\/logo\/image\/","url":"https:\/\/softwaresail.com\/wp-content\/uploads\/2025\/11\/cropped-software_sail_extended_logo.png","contentUrl":"https:\/\/softwaresail.com\/wp-content\/uploads\/2025\/11\/cropped-software_sail_extended_logo.png","width":1200,"height":400,"caption":"Software Sail | Specialized Software Reseller"},"image":{"@id":"https:\/\/softwaresail.com\/#\/schema\/logo\/image\/"},"sameAs":["https:\/\/www.facebook.com\/softwaresail\/","https:\/\/www.instagram.com\/software_sail\/"]}]}},"jetpack_sharing_enabled":true,"jetpack_shortlink":"https:\/\/wp.me\/PgU7R9-1j7","jetpack-related-posts":[],"_links":{"self":[{"href":"https:\/\/softwaresail.com\/es\/wp-json\/wp\/v2\/pages\/5029","targetHints":{"allow":["GET"]}}],"collection":[{"href":"https:\/\/softwaresail.com\/es\/wp-json\/wp\/v2\/pages"}],"about":[{"href":"https:\/\/softwaresail.com\/es\/wp-json\/wp\/v2\/types\/page"}],"author":[{"embeddable":true,"href":"https:\/\/softwaresail.com\/es\/wp-json\/wp\/v2\/users\/273330113"}],"replies":[{"embeddable":true,"href":"https:\/\/softwaresail.com\/es\/wp-json\/wp\/v2\/comments?post=5029"}],"version-history":[{"count":27,"href":"https:\/\/softwaresail.com\/es\/wp-json\/wp\/v2\/pages\/5029\/revisions"}],"predecessor-version":[{"id":30312,"href":"https:\/\/softwaresail.com\/es\/wp-json\/wp\/v2\/pages\/5029\/revisions\/30312"}],"wp:attachment":[{"href":"https:\/\/softwaresail.com\/es\/wp-json\/wp\/v2\/media?parent=5029"}],"curies":[{"name":"wp","href":"https:\/\/api.w.org\/{rel}","templated":true}]}}